{"id":131,"date":"2021-08-12T17:55:21","date_gmt":"2021-08-12T17:55:21","guid":{"rendered":"https:\/\/thinkduo.co\/?page_id=131"},"modified":"2023-07-14T11:59:48","modified_gmt":"2023-07-14T11:59:48","slug":"politica-de-privacidade","status":"publish","type":"page","link":"https:\/\/thinkduo.co\/en\/politica-de-privacidade\/","title":{"rendered":"privacy policy"},"content":{"rendered":"<div data-elementor-type=\"wp-page\" data-elementor-id=\"131\" class=\"elementor elementor-131\">\n\t\t\t\t\t\t<section class=\"elementor-section elementor-top-section elementor-element elementor-element-badbe68 elementor-section-full_width elementor-section-height-default elementor-section-height-default\" data-id=\"badbe68\" data-element_type=\"section\" data-settings=\"{&quot;background_background&quot;:&quot;classic&quot;}\">\n\t\t\t\t\t\t<div class=\"elementor-container elementor-column-gap-default\">\n\t\t\t\t\t<div class=\"elementor-column elementor-col-100 elementor-top-column elementor-element elementor-element-2dc354f\" data-id=\"2dc354f\" data-element_type=\"column\">\n\t\t\t<div class=\"elementor-widget-wrap elementor-element-populated\">\n\t\t\t\t\t\t<section class=\"elementor-section elementor-inner-section elementor-element elementor-element-b071264 elementor-section-full_width elementor-section-height-default elementor-section-height-default\" data-id=\"b071264\" data-element_type=\"section\">\n\t\t\t\t\t\t<div class=\"elementor-container elementor-column-gap-default\">\n\t\t\t\t\t<div class=\"elementor-column elementor-col-50 elementor-inner-column elementor-element elementor-element-5fa5633\" data-id=\"5fa5633\" data-element_type=\"column\">\n\t\t\t<div class=\"elementor-widget-wrap elementor-element-populated\">\n\t\t\t\t\t\t<div class=\"elementor-element elementor-element-f20f468 elementor-widget elementor-widget-heading\" data-id=\"f20f468\" data-element_type=\"widget\" data-settings=\"{&quot;sticky&quot;:&quot;top&quot;,&quot;sticky_offset&quot;:180,&quot;sticky_effects_offset&quot;:180,&quot;sticky_parent&quot;:&quot;yes&quot;,&quot;sticky_on&quot;:[&quot;desktop&quot;,&quot;tablet&quot;]}\" data-widget_type=\"heading.default\">\n\t\t\t\t<div class=\"elementor-widget-container\">\n\t\t\t\t\t<p class=\"elementor-heading-title elementor-size-default\">Privacy<br> policy<\/p>\t\t\t\t<\/div>\n\t\t\t\t<\/div>\n\t\t\t\t<div class=\"elementor-element elementor-element-39a243b elementor-widget-divider--view-line elementor-widget elementor-widget-divider\" data-id=\"39a243b\" data-element_type=\"widget\" data-settings=\"{&quot;sticky&quot;:&quot;top&quot;,&quot;sticky_offset&quot;:280,&quot;sticky_on&quot;:[&quot;desktop&quot;,&quot;tablet&quot;],&quot;sticky_effects_offset&quot;:0}\" data-widget_type=\"divider.default\">\n\t\t\t\t<div class=\"elementor-widget-container\">\n\t\t\t\t\t\t\t<div class=\"elementor-divider\">\n\t\t\t<span class=\"elementor-divider-separator\">\n\t\t\t\t\t\t<\/span>\n\t\t<\/div>\n\t\t\t\t\t\t<\/div>\n\t\t\t\t<\/div>\n\t\t\t\t\t<\/div>\n\t\t<\/div>\n\t\t\t\t<div class=\"elementor-column elementor-col-50 elementor-inner-column elementor-element elementor-element-68eafc9\" data-id=\"68eafc9\" data-element_type=\"column\">\n\t\t\t<div class=\"elementor-widget-wrap elementor-element-populated\">\n\t\t\t\t\t\t<div class=\"elementor-element elementor-element-24cabbe elementor-widget elementor-widget-text-editor\" data-id=\"24cabbe\" data-element_type=\"widget\" data-widget_type=\"text-editor.default\">\n\t\t\t\t<div class=\"elementor-widget-container\">\n\t\t\t\t\t\t\t\t\t<p class=\"p1\">Your privacy is important to us. It is Think DUO's policy to respect your privacy regarding any information we may collect from you across our website, Think DUO, and other sites we own and operate.<span class=\"s1\">.<\/span><\/p><p class=\"p1\">We only ask for personal information when we truly need it to provide a service to you. We collect it by fair and lawful means, with your knowledge and consent. We also let you know why we\u2019re collecting it and how it will be used.<\/p><p class=\"p1\">We only retain collected information for as long as necessary to provide you with your requested service. What data we store, we\u2019ll protect within commercially acceptable means to prevent loss and theft, as well as unauthorised access, disclosure, copying, use or modification.<\/p><p class=\"p1\">We don\u2019t share any personally identifying information publicly or with third-parties, except when required to by law.<\/p><p class=\"p1\">Our website may link to external sites that are not operated by us.<\/p><p class=\"p1\">Our website may link to external sites that are not operated by us. Please be aware that we have no control over the content and practices of these sites,and cannot accept responsibility or liability for their respective privacy policies. <span class=\"s2\">privacy <\/span>policy<span class=\"s1\">.<\/span><\/p><p class=\"p1\">You are free to refuse our request for your personal information, with the understanding that we may be unable to provide you with some of your desired services.<\/p><p class=\"p1\">Your continued use of our website will be regarded as acceptance of our practices around privacy and personal information. If you have any questions about how we handle user data and personal information, feel free to contact us.<\/p>\t\t\t\t\t\t\t\t<\/div>\n\t\t\t\t<\/div>\n\t\t\t\t<div class=\"elementor-element elementor-element-a567c0b elementor-widget elementor-widget-heading\" data-id=\"a567c0b\" data-element_type=\"widget\" data-widget_type=\"heading.default\">\n\t\t\t\t<div class=\"elementor-widget-container\">\n\t\t\t\t\t<h2 class=\"elementor-heading-title elementor-size-default\">Cookie Policy for Think DUO<\/h2>\t\t\t\t<\/div>\n\t\t\t\t<\/div>\n\t\t\t\t<div class=\"elementor-element elementor-element-b7b07d0 elementor-widget elementor-widget-text-editor\" data-id=\"b7b07d0\" data-element_type=\"widget\" data-widget_type=\"text-editor.default\">\n\t\t\t\t<div class=\"elementor-widget-container\">\n\t\t\t\t\t\t\t\t\t<h5 class=\"p1\"><strong>What Are Cookies<\/strong><\/h5><p class=\"p1\">As is common practice with almost all professional websites this site uses cookies, which are tiny files that are downloaded to your computer, to improve your experience. This page describes what information they gather, how we use it and why we sometimes need to store these cookies. We will also share how you can prevent these cookies from being stored however this may downgrade or 'break' certain elements of the sites functionality.<\/p>\t\t\t\t\t\t\t\t<\/div>\n\t\t\t\t<\/div>\n\t\t\t\t<div class=\"elementor-element elementor-element-04e8258 elementor-widget elementor-widget-text-editor\" data-id=\"04e8258\" data-element_type=\"widget\" data-widget_type=\"text-editor.default\">\n\t\t\t\t<div class=\"elementor-widget-container\">\n\t\t\t\t\t\t\t\t\t<h5 class=\"p1\"><strong>How We Use Cookies<\/strong><\/h5><p class=\"p1\">We use cookies for a variety of reasons detailed below. Unfortunately in most cases there are no industry standard options for disabling cookies without completely disabling the functionality and features they add to this site. It is recommended that you leave on all cookies if you are not sure whether you need them or not in case they are used to provide a service that you use.<\/p>\t\t\t\t\t\t\t\t<\/div>\n\t\t\t\t<\/div>\n\t\t\t\t<div class=\"elementor-element elementor-element-57cc041 elementor-widget elementor-widget-text-editor\" data-id=\"57cc041\" data-element_type=\"widget\" data-widget_type=\"text-editor.default\">\n\t\t\t\t<div class=\"elementor-widget-container\">\n\t\t\t\t\t\t\t\t\t<h5 class=\"p1\"><strong>Disabling cookies<\/strong><\/h5><p class=\"p1\">You can prevent the setting of cookies by adjusting the settings on your browser (see your browser Help for how to do this). Be aware that disabling cookies will affect the functionality of this and many other websites that you visit. Disabling cookies will usually result in also disabling certain functionality and features of the this site. Therefore it is recommended that you do not disable cookies.<\/p>\t\t\t\t\t\t\t\t<\/div>\n\t\t\t\t<\/div>\n\t\t\t\t<div class=\"elementor-element elementor-element-cd029b8 elementor-widget elementor-widget-text-editor\" data-id=\"cd029b8\" data-element_type=\"widget\" data-widget_type=\"text-editor.default\">\n\t\t\t\t<div class=\"elementor-widget-container\">\n\t\t\t\t\t\t\t\t\t<h5 class=\"p1\"><strong>The Cookies We Set<\/strong><\/h5><p class=\"p1\"><span style=\"text-decoration: underline;\">Account related cookies<\/span><\/p><p class=\"p1\">If you create an account with us then we will use cookies for the management of the signup process and general administration. These cookies will usually be deleted when you log out however in some cases they may remain afterwards to remember your site preferences when logged out.<\/p><p class=\"p1\"><span style=\"text-decoration: underline;\">Login related cookies<\/span><\/p><p class=\"p1\">We use cookies when you are logged in so that we can remember this fact. This prevents you from having to log in every single time you visit a new page. These cookies are typically removed or cleared when you log out to ensure that you can only access restricted features and areas when logged in.<\/p><p class=\"p1\"><span style=\"text-decoration: underline;\">Email newsletters related cookies<\/span><\/p><p class=\"p1\">This site offers newsletter or email subscription services and cookies may be used to remember if you are already registered and whether to show certain notifications which might only be valid to subscribed\/unsubscribed users.<\/p><p class=\"p1\"><span style=\"text-decoration: underline;\">Orders processing related cookies<\/span><\/p><p class=\"p1\">This site offers e-commerce or payment facilities and some cookies are essential to ensure that your order is remembered between pages so that we can process it properly.<\/p><p class=\"p1\"><span style=\"text-decoration: underline;\">Surveys related cookies<\/span><\/p><p class=\"p1\">From time to time we offer user surveys and questionnaires to provide you with interesting insights, helpful tools, or to understand our user base more accurately. These surveys may use cookies to remember who has already taken part in a survey or to provide you with accurate results after you change pages.<\/p><p class=\"p1\"><span style=\"text-decoration: underline;\">Forms related cookies<\/span><\/p><p class=\"p1\">When you submit data to through a form such as those found on contact pages or comment forms cookies may be set to remember your user details for future correspondence.<\/p><p class=\"p1\"><span style=\"text-decoration: underline;\">Site preferences cookies<\/span><\/p><p class=\"p1\">In order to provide you with a great experience on this site we provide the functionality to set your preferences for how this site runs when you use it. In order to remember your preferences we need to set cookies so that this information can be called whenever you interact with a page is affected by your preferences.<\/p>\t\t\t\t\t\t\t\t<\/div>\n\t\t\t\t<\/div>\n\t\t\t\t<div class=\"elementor-element elementor-element-2c3cb7e elementor-widget elementor-widget-text-editor\" data-id=\"2c3cb7e\" data-element_type=\"widget\" data-widget_type=\"text-editor.default\">\n\t\t\t\t<div class=\"elementor-widget-container\">\n\t\t\t\t\t\t\t\t\t<h5 class=\"p1\"><strong>Third Party Cookies<\/strong><\/h5><p class=\"p1\">In some special cases we also use cookies provided by trusted third parties. The following section details which third party cookies you might encounter through this site.<\/p><ul><li class=\"p1\">This site uses Google Analytics which is one of the most widespread and trusted analytics solution on the web for helping us to understand how you use the site and ways that we can improve your experience. These cookies may track things such as how long you spend on the site and the pages that you visit so we can continue to produce engaging content.<\/li><\/ul><p class=\"p1\">For more information on Google Analytics cookies, see the official Google Analytics page.<\/p><ul><li class=\"p1\">Third party analytics are used to track and measure usage of this site so that we can continue to produce engaging content. These cookies may track things such as how long you spend on the site or pages you visit which helps us to understand how we can improve the site for you.<\/li><li class=\"p1\">From time to time we test new features and make subtle changes to the way that the site is delivered. When we are still testing new features these cookies may be used to ensure that you receive a consistent experience whilst on the site whilst ensuring we understand which optimisations our users appreciate the most.<\/li><li class=\"p1\">As we sell products it's important for us to understand statistics about how many of the visitors to our site actually make a purchase and as such this is the kind of data that these cookies will track. This is important to you as it means that we can accurately make business predictions that allow us to monitor our advertising and product costs to ensure the best possible price.<\/li><\/ul>\t\t\t\t\t\t\t\t<\/div>\n\t\t\t\t<\/div>\n\t\t\t\t<div class=\"elementor-element elementor-element-6940e1c elementor-widget elementor-widget-text-editor\" data-id=\"6940e1c\" data-element_type=\"widget\" data-widget_type=\"text-editor.default\">\n\t\t\t\t<div class=\"elementor-widget-container\">\n\t\t\t\t\t\t\t\t\t<h5 class=\"p1\"><strong>User compromise<\/strong><\/h5><p class=\"p1\">The user undertakes to make proper use of the contents and information that Think DUO offers on the website and with an enunciative but non-limiting character:<\/p><p class=\"p1\"><strong>A)<\/strong> Do not engage in activities that are illegal or contrary to good faith or public order;<\/p><p class=\"p1\"><strong>B)<\/strong> N\u00e3o difundir propaganda ou conte\u00fado de natureza racista, xenof\u00f3bica, ou apostas desportivas (ex.: <span class=\"s1\">Betano<\/span>), games of chance, any type of illegal pornography, in defense of terrorism or against human rights;<\/p><p class=\"p1\"><strong>C)<\/strong> Do not damage the physical (hardware) and logical (software) systems of Think DUO, its suppliers or third parties, to introduce or spread computer viruses or any other hardware or software systems that are capable of causing the aforementioned damage.<\/p>\t\t\t\t\t\t\t\t<\/div>\n\t\t\t\t<\/div>\n\t\t\t\t<div class=\"elementor-element elementor-element-8822353 elementor-widget elementor-widget-text-editor\" data-id=\"8822353\" data-element_type=\"widget\" data-widget_type=\"text-editor.default\">\n\t\t\t\t<div class=\"elementor-widget-container\">\n\t\t\t\t\t\t\t\t\t<h5 class=\"p1\"><strong>More information<\/strong><\/h5><p class=\"p1\">Hopefully that has clarified things for you and as was previously mentioned if there is something that you aren't sure whether you need or not it's usually safer to leave cookies enabled in case it does interact with one of the features you use on our site.<\/p><p class=\"p1\"><strong>This policy is effective as of August 2021.<\/strong><\/p>\t\t\t\t\t\t\t\t<\/div>\n\t\t\t\t<\/div>\n\t\t\t\t\t<\/div>\n\t\t<\/div>\n\t\t\t\t\t<\/div>\n\t\t<\/section>\n\t\t\t\t\t<\/div>\n\t\t<\/div>\n\t\t\t\t\t<\/div>\n\t\t<\/section>\n\t\t\t\t<section class=\"elementor-section elementor-top-section elementor-element elementor-element-72a22d5 elementor-section-boxed elementor-section-height-default elementor-section-height-default\" data-id=\"72a22d5\" data-element_type=\"section\">\n\t\t\t\t\t\t<div class=\"elementor-container elementor-column-gap-default\">\n\t\t\t\t\t<div class=\"elementor-column elementor-col-100 elementor-top-column elementor-element elementor-element-70dba91\" data-id=\"70dba91\" data-element_type=\"column\">\n\t\t\t<div class=\"elementor-widget-wrap\">\n\t\t\t\t\t\t\t<\/div>\n\t\t<\/div>\n\t\t\t\t\t<\/div>\n\t\t<\/section>\n\t\t\t\t<\/div>","protected":false},"excerpt":{"rendered":"<p>Pol\u00edtica de privacidade A sua privacidade \u00e9 importante para n\u00f3s. \u00c9 pol\u00edtica da Think DUO respeitar a sua privacidade em rela\u00e7\u00e3o a qualquer informa\u00e7\u00e3o que possamos coletar no site da Think DUO. Solicitamos informa\u00e7\u00f5es pessoais apenas quando realmente precisamos delas para lhe fornecer um servi\u00e7o. Fazemo-lo por meios justos e legais, com o seu conhecimento [&hellip;]<\/p>","protected":false},"author":1,"featured_media":0,"parent":0,"menu_order":0,"comment_status":"closed","ping_status":"closed","template":"elementor_header_footer","meta":{"footnotes":""},"class_list":["post-131","page","type-page","status-publish","hentry"],"yoast_head":"<!-- This site is optimized with the Yoast SEO plugin v27.2 - https:\/\/yoast.com\/product\/yoast-seo-wordpress\/ -->\n<title>pol\u00edtica de privacidade - Think DUO<\/title>\n<meta name=\"robots\" content=\"index, follow, max-snippet:-1, max-image-preview:large, max-video-preview:-1\" \/>\n<link rel=\"canonical\" href=\"https:\/\/thinkduo.co\/en\/politica-de-privacidade\/\" \/>\n<meta property=\"og:locale\" content=\"en_US\" \/>\n<meta property=\"og:type\" content=\"article\" \/>\n<meta property=\"og:title\" content=\"pol\u00edtica de privacidade - Think DUO\" \/>\n<meta property=\"og:description\" content=\"Pol\u00edtica de privacidade A sua privacidade \u00e9 importante para n\u00f3s. \u00c9 pol\u00edtica da Think DUO respeitar a sua privacidade em rela\u00e7\u00e3o a qualquer informa\u00e7\u00e3o que possamos coletar no site da Think DUO. Solicitamos informa\u00e7\u00f5es pessoais apenas quando realmente precisamos delas para lhe fornecer um servi\u00e7o. Fazemo-lo por meios justos e legais, com o seu conhecimento [&hellip;]\" \/>\n<meta property=\"og:url\" content=\"https:\/\/thinkduo.co\/en\/politica-de-privacidade\/\" \/>\n<meta property=\"og:site_name\" content=\"Think DUO\" \/>\n<meta property=\"article:modified_time\" content=\"2023-07-14T11:59:48+00:00\" \/>\n<meta name=\"twitter:card\" content=\"summary_large_image\" \/>\n<meta name=\"twitter:label1\" content=\"Est. reading time\" \/>\n\t<meta name=\"twitter:data1\" content=\"6 minutes\" \/>\n<script type=\"application\/ld+json\" class=\"yoast-schema-graph\">{\"@context\":\"https:\/\/schema.org\",\"@graph\":[{\"@type\":\"WebPage\",\"@id\":\"https:\/\/thinkduo.co\/politica-de-privacidade\/\",\"url\":\"https:\/\/thinkduo.co\/politica-de-privacidade\/\",\"name\":\"pol\u00edtica de privacidade - Think DUO\",\"isPartOf\":{\"@id\":\"https:\/\/thinkduo.co\/#website\"},\"datePublished\":\"2021-08-12T17:55:21+00:00\",\"dateModified\":\"2023-07-14T11:59:48+00:00\",\"breadcrumb\":{\"@id\":\"https:\/\/thinkduo.co\/politica-de-privacidade\/#breadcrumb\"},\"inLanguage\":\"en-US\",\"potentialAction\":[{\"@type\":\"ReadAction\",\"target\":[\"https:\/\/thinkduo.co\/politica-de-privacidade\/\"]}]},{\"@type\":\"BreadcrumbList\",\"@id\":\"https:\/\/thinkduo.co\/politica-de-privacidade\/#breadcrumb\",\"itemListElement\":[{\"@type\":\"ListItem\",\"position\":1,\"name\":\"In\u00edcio\",\"item\":\"https:\/\/thinkduo.co\/en\/\"},{\"@type\":\"ListItem\",\"position\":2,\"name\":\"pol\u00edtica de privacidade\"}]},{\"@type\":\"WebSite\",\"@id\":\"https:\/\/thinkduo.co\/#website\",\"url\":\"https:\/\/thinkduo.co\/\",\"name\":\"Think Duo\",\"description\":\"Think DUO\",\"publisher\":{\"@id\":\"https:\/\/thinkduo.co\/#organization\"},\"potentialAction\":[{\"@type\":\"SearchAction\",\"target\":{\"@type\":\"EntryPoint\",\"urlTemplate\":\"https:\/\/thinkduo.co\/?s={search_term_string}\"},\"query-input\":{\"@type\":\"PropertyValueSpecification\",\"valueRequired\":true,\"valueName\":\"search_term_string\"}}],\"inLanguage\":\"en-US\"},{\"@type\":\"Organization\",\"@id\":\"https:\/\/thinkduo.co\/#organization\",\"name\":\"Think DUO\",\"url\":\"https:\/\/thinkduo.co\/\",\"logo\":{\"@type\":\"ImageObject\",\"inLanguage\":\"en-US\",\"@id\":\"https:\/\/thinkduo.co\/#\/schema\/logo\/image\/\",\"url\":\"https:\/\/thinkduo.co\/wp-content\/uploads\/2021\/08\/ThinkDuo.png\",\"contentUrl\":\"https:\/\/thinkduo.co\/wp-content\/uploads\/2021\/08\/ThinkDuo.png\",\"width\":602,\"height\":202,\"caption\":\"Think DUO\"},\"image\":{\"@id\":\"https:\/\/thinkduo.co\/#\/schema\/logo\/image\/\"},\"sameAs\":[\"https:\/\/www.instagram.com\/thinkduo.co\/\"]}]}<\/script>\n<!-- \/ Yoast SEO plugin. -->","yoast_head_json":{"title":"pol\u00edtica de privacidade - Think DUO","robots":{"index":"index","follow":"follow","max-snippet":"max-snippet:-1","max-image-preview":"max-image-preview:large","max-video-preview":"max-video-preview:-1"},"canonical":"https:\/\/thinkduo.co\/en\/politica-de-privacidade\/","og_locale":"en_US","og_type":"article","og_title":"pol\u00edtica de privacidade - Think DUO","og_description":"Pol\u00edtica de privacidade A sua privacidade \u00e9 importante para n\u00f3s. \u00c9 pol\u00edtica da Think DUO respeitar a sua privacidade em rela\u00e7\u00e3o a qualquer informa\u00e7\u00e3o que possamos coletar no site da Think DUO. Solicitamos informa\u00e7\u00f5es pessoais apenas quando realmente precisamos delas para lhe fornecer um servi\u00e7o. Fazemo-lo por meios justos e legais, com o seu conhecimento [&hellip;]","og_url":"https:\/\/thinkduo.co\/en\/politica-de-privacidade\/","og_site_name":"Think DUO","article_modified_time":"2023-07-14T11:59:48+00:00","twitter_card":"summary_large_image","twitter_misc":{"Est. reading time":"6 minutes"},"schema":{"@context":"https:\/\/schema.org","@graph":[{"@type":"WebPage","@id":"https:\/\/thinkduo.co\/politica-de-privacidade\/","url":"https:\/\/thinkduo.co\/politica-de-privacidade\/","name":"pol\u00edtica de privacidade - Think DUO","isPartOf":{"@id":"https:\/\/thinkduo.co\/#website"},"datePublished":"2021-08-12T17:55:21+00:00","dateModified":"2023-07-14T11:59:48+00:00","breadcrumb":{"@id":"https:\/\/thinkduo.co\/politica-de-privacidade\/#breadcrumb"},"inLanguage":"en-US","potentialAction":[{"@type":"ReadAction","target":["https:\/\/thinkduo.co\/politica-de-privacidade\/"]}]},{"@type":"BreadcrumbList","@id":"https:\/\/thinkduo.co\/politica-de-privacidade\/#breadcrumb","itemListElement":[{"@type":"ListItem","position":1,"name":"In\u00edcio","item":"https:\/\/thinkduo.co\/en\/"},{"@type":"ListItem","position":2,"name":"pol\u00edtica de privacidade"}]},{"@type":"WebSite","@id":"https:\/\/thinkduo.co\/#website","url":"https:\/\/thinkduo.co\/","name":"Think Duo","description":"Think DUO","publisher":{"@id":"https:\/\/thinkduo.co\/#organization"},"potentialAction":[{"@type":"SearchAction","target":{"@type":"EntryPoint","urlTemplate":"https:\/\/thinkduo.co\/?s={search_term_string}"},"query-input":{"@type":"PropertyValueSpecification","valueRequired":true,"valueName":"search_term_string"}}],"inLanguage":"en-US"},{"@type":"Organization","@id":"https:\/\/thinkduo.co\/#organization","name":"Think DUO","url":"https:\/\/thinkduo.co\/","logo":{"@type":"ImageObject","inLanguage":"en-US","@id":"https:\/\/thinkduo.co\/#\/schema\/logo\/image\/","url":"https:\/\/thinkduo.co\/wp-content\/uploads\/2021\/08\/ThinkDuo.png","contentUrl":"https:\/\/thinkduo.co\/wp-content\/uploads\/2021\/08\/ThinkDuo.png","width":602,"height":202,"caption":"Think DUO"},"image":{"@id":"https:\/\/thinkduo.co\/#\/schema\/logo\/image\/"},"sameAs":["https:\/\/www.instagram.com\/thinkduo.co\/"]}]}},"_links":{"self":[{"href":"https:\/\/thinkduo.co\/en\/wp-json\/wp\/v2\/pages\/131","targetHints":{"allow":["GET"]}}],"collection":[{"href":"https:\/\/thinkduo.co\/en\/wp-json\/wp\/v2\/pages"}],"about":[{"href":"https:\/\/thinkduo.co\/en\/wp-json\/wp\/v2\/types\/page"}],"author":[{"embeddable":true,"href":"https:\/\/thinkduo.co\/en\/wp-json\/wp\/v2\/users\/1"}],"replies":[{"embeddable":true,"href":"https:\/\/thinkduo.co\/en\/wp-json\/wp\/v2\/comments?post=131"}],"version-history":[{"count":25,"href":"https:\/\/thinkduo.co\/en\/wp-json\/wp\/v2\/pages\/131\/revisions"}],"predecessor-version":[{"id":3025,"href":"https:\/\/thinkduo.co\/en\/wp-json\/wp\/v2\/pages\/131\/revisions\/3025"}],"wp:attachment":[{"href":"https:\/\/thinkduo.co\/en\/wp-json\/wp\/v2\/media?parent=131"}],"curies":[{"name":"wp","href":"https:\/\/api.w.org\/{rel}","templated":true}]}}